{"id":3,"date":"2024-05-28T11:09:42","date_gmt":"2024-05-28T11:09:42","guid":{"rendered":"https:\/\/competent-jackson.92-205-167-38.plesk.page\/?page_id=3"},"modified":"2024-06-29T13:15:14","modified_gmt":"2024-06-29T13:15:14","slug":"privacy-policy","status":"publish","type":"page","link":"https:\/\/cosmicklang.com\/index.php\/privacy-policy\/","title":{"rendered":"Impressum &amp; Datenschutz"},"content":{"rendered":"\t\t<div data-elementor-type=\"wp-page\" data-elementor-id=\"3\" class=\"elementor elementor-3\" data-elementor-post-type=\"page\">\n\t\t\t\t<div class=\"elementor-element elementor-element-dc75a2b e-flex e-con-boxed e-con e-parent\" data-id=\"dc75a2b\" data-element_type=\"container\">\n\t\t\t\t\t<div class=\"e-con-inner\">\n\t\t\t\t<div class=\"elementor-element elementor-element-4924c80 elementor-widget elementor-widget-heading\" data-id=\"4924c80\" data-element_type=\"widget\" data-widget_type=\"heading.default\">\n\t\t\t\t<div class=\"elementor-widget-container\">\n\t\t\t<style>\/*! elementor - v3.22.0 - 26-06-2024 *\/\n.elementor-heading-title{padding:0;margin:0;line-height:1}.elementor-widget-heading .elementor-heading-title[class*=elementor-size-]>a{color:inherit;font-size:inherit;line-height:inherit}.elementor-widget-heading .elementor-heading-title.elementor-size-small{font-size:15px}.elementor-widget-heading .elementor-heading-title.elementor-size-medium{font-size:19px}.elementor-widget-heading .elementor-heading-title.elementor-size-large{font-size:29px}.elementor-widget-heading .elementor-heading-title.elementor-size-xl{font-size:39px}.elementor-widget-heading .elementor-heading-title.elementor-size-xxl{font-size:59px}<\/style><h2 class=\"elementor-heading-title elementor-size-default\">Impressum<\/h2>\t\t<\/div>\n\t\t\t\t<\/div>\n\t\t\t\t<div class=\"elementor-element elementor-element-8ca528b elementor-widget elementor-widget-text-editor\" data-id=\"8ca528b\" data-element_type=\"widget\" data-widget_type=\"text-editor.default\">\n\t\t\t\t<div class=\"elementor-widget-container\">\n\t\t\t<style>\/*! elementor - v3.22.0 - 26-06-2024 *\/\n.elementor-widget-text-editor.elementor-drop-cap-view-stacked .elementor-drop-cap{background-color:#69727d;color:#fff}.elementor-widget-text-editor.elementor-drop-cap-view-framed .elementor-drop-cap{color:#69727d;border:3px solid;background-color:transparent}.elementor-widget-text-editor:not(.elementor-drop-cap-view-default) .elementor-drop-cap{margin-top:8px}.elementor-widget-text-editor:not(.elementor-drop-cap-view-default) .elementor-drop-cap-letter{width:1em;height:1em}.elementor-widget-text-editor .elementor-drop-cap{float:left;text-align:center;line-height:1;font-size:50px}.elementor-widget-text-editor .elementor-drop-cap-letter{display:inline-block}<\/style>\t\t\t\t<p>Cosmic Klang<\/p>\n<p>Moosmahdstrasse 29, Dornbirn 6850<br>Richard Gast\u00e9<br>+43 (0)6706016323 &#8211; <a href=\"mailto:cosmicklang@gmail.com\" data-auto-recognition=\"true\">cosmicklang@gmail.com<\/a><\/p>\n<p>Unternehmensgegenstand: Human Energetiker<br>Aufsichtsbeh\u00f6rde\/Gewerbebeh\u00f6rde:Bezirkshauptmannschaft Dornbirn<br>Berufsbezeichnung: Klangtherapeut<br>Verleihungsstaat: \u00d6sterreich<\/p>\n<p>Wir \u00fcbernehmen keine Gew\u00e4hrleistung f\u00fcr die Richtigkeit, Vollst\u00e4ndigkeit und Aktualit\u00e4t von Inhalten externer Websiten, auf welche diese Website verweist. Ebenso sind auf dieser Seite Fehler und Irrt\u00fcmer nicht ausgeschlossen. Wir \u00fcbernehmen daher auch keine Gew\u00e4hr f\u00fcr diese Informationen. Allf\u00e4llige Beschwerden sind bitte an die oben genannte E-Mail Adresse zu wenden.<\/p>\n<div>&nbsp;<\/div>\n<div>\n<h4>Konzeption, Design &amp; Umsetzung<\/h4>\n<div><a href=\"https:\/\/www.onedrop.co\" target=\"_blank\" rel=\"noopener\"><b>Onedrop Multimedia Agentur&nbsp;<\/b><\/a><\/div>\n<\/div>\t\t\t\t\t\t<\/div>\n\t\t\t\t<\/div>\n\t\t\t\t\t<\/div>\n\t\t\t\t<\/div>\n\t\t<div class=\"elementor-element elementor-element-1346042 e-flex e-con-boxed e-con e-parent\" data-id=\"1346042\" data-element_type=\"container\">\n\t\t\t\t\t<div class=\"e-con-inner\">\n\t\t\t\t<div class=\"elementor-element elementor-element-b4f120b elementor-widget elementor-widget-heading\" data-id=\"b4f120b\" data-element_type=\"widget\" data-widget_type=\"heading.default\">\n\t\t\t\t<div class=\"elementor-widget-container\">\n\t\t\t<h2 class=\"elementor-heading-title elementor-size-default\">Vertraulichkeitsrichtlinie<\/h2>\t\t<\/div>\n\t\t\t\t<\/div>\n\t\t\t\t<div class=\"elementor-element elementor-element-b42fe40 elementor-widget elementor-widget-text-editor\" data-id=\"b42fe40\" data-element_type=\"widget\" data-widget_type=\"text-editor.default\">\n\t\t\t\t<div class=\"elementor-widget-container\">\n\t\t\t\t\t\t\t<div id=\"comp-l4o80hn41\" class=\"HcOXKn c9GqVL QxJLC3 comp-l4o80hn41 wixui-rich-text\" data-testid=\"richTextElement\" data-motion-enter=\"done\"><h1 class=\"font_2 wixui-rich-text__text\"><span style=\"font-size: 16px;\">G\u00fcltig ab: 25\/07\/2023<\/span><\/h1><\/div><div id=\"comp-l4o80hn7\" class=\"HcOXKn c9GqVL QxJLC3 comp-l4o80hn7 wixui-rich-text\" data-testid=\"richTextElement\" data-motion-enter=\"done\"><p class=\"font_8 wixui-rich-text__text\"><span class=\"wixui-rich-text__text\"><span class=\"wixGuard wixui-rich-text__text\">\u200b<\/span><\/span><span class=\"wixui-rich-text__text\">Bei Cosmic Klang ist der Schutz der Privatsph\u00e4re und Vertraulichkeit Ihrer pers\u00f6nlichen Informationen von h\u00f6chster Bedeutung. Diese Vertraulichkeitsrichtlinie beschreibt, wie wir Daten sammeln, verwenden, offenlegen und sch\u00fctzen, die Sie bei der Nutzung unserer Website oder unserer Dienstleistungen bereitstellen.<\/span><\/p><p class=\"font_8 wixui-rich-text__text\"><span class=\"wixui-rich-text__text\"><span class=\"wixGuard wixui-rich-text__text\">\u200b<\/span><\/span><\/p><p class=\"font_8 wixui-rich-text__text\"><span class=\"wixui-rich-text__text\">Informationen, die wir sammeln<\/span><\/p><p class=\"font_8 wixui-rich-text__text\"><span class=\"wixui-rich-text__text\"><span class=\"wixGuard wixui-rich-text__text\">\u200b<\/span><\/span><\/p><ol class=\"font_8 wixui-rich-text__text\"><li class=\"wixui-rich-text__text\"><p class=\"font_8 wixui-rich-text__text\"><span class=\"wixui-rich-text__text\">Pers\u00f6nliche Informationen: Wenn Sie mit unserer Website interagieren, k\u00f6nnen wir bestimmte pers\u00f6nliche Informationen wie Ihren Namen, Ihre E-Mail-Adresse, Kontaktdaten und andere identifizierbare Daten erfassen, die Sie freiwillig angeben.<\/span><\/p><\/li><li class=\"wixui-rich-text__text\"><p class=\"font_8 wixui-rich-text__text\"><span class=\"wixui-rich-text__text\">Nicht-personenbezogene Informationen: Wir k\u00f6nnen auch nicht-personenbezogene Informationen sammeln, wie Ihre IP-Adresse, Browsertyp, Ger\u00e4teinformationen und andere technische Daten, die nicht zur direkten Identifizierung verwendet werden k\u00f6nnen.<\/span><\/p><\/li><\/ol><p class=\"font_8 wixui-rich-text__text\"><span class=\"wixui-rich-text__text\">Wie wir Ihre Informationen verwenden<\/span><\/p><p class=\"font_8 wixui-rich-text__text\"><span class=\"wixui-rich-text__text\"><span class=\"wixGuard wixui-rich-text__text\">\u200b<\/span><\/span><\/p><p class=\"font_8 wixui-rich-text__text\"><span class=\"wixui-rich-text__text\">Wir verwenden die von Ihnen gesammelten Informationen f\u00fcr folgende Zwecke:<\/span><\/p><ol class=\"font_8 wixui-rich-text__text\"><li class=\"wixui-rich-text__text\"><p class=\"font_8 wixui-rich-text__text\"><span class=\"wixui-rich-text__text\">Funktionalit\u00e4t der Website: Um Ihnen Zugang zu unserer Website und ihren Funktionen zu erm\u00f6glichen und das allgemeine Benutzererlebnis zu verbessern und zu optimieren.<\/span><\/p><\/li><li class=\"wixui-rich-text__text\"><p class=\"font_8 wixui-rich-text__text\"><span class=\"wixui-rich-text__text\">Kommunikation: Um auf Ihre Anfragen zu antworten, Ihnen Kundensupport bereitzustellen und Ihnen wichtige Updates und Benachrichtigungen im Zusammenhang mit unseren Dienstleistungen zuzusenden.<\/span><\/p><\/li><li class=\"wixui-rich-text__text\"><p class=\"font_8 wixui-rich-text__text\"><span class=\"wixui-rich-text__text\">Personalisierung: Um Ihr Erlebnis auf unserer Website zu personalisieren und Inhalte und Angebote gem\u00e4\u00df Ihren Vorlieben anzupassen.<\/span><\/p><\/li><li class=\"wixui-rich-text__text\"><p class=\"font_8 wixui-rich-text__text\"><span class=\"wixui-rich-text__text\">Analyse: Zur Analyse des Benutzerverhaltens und der Leistung der Website, um unsere Dienstleistungen zu verbessern und die Benutzerpr\u00e4ferenzen besser zu verstehen.<\/span><br class=\"wixui-rich-text__text\" \/>\u00a0<\/p><\/li><\/ol><p class=\"font_8 wixui-rich-text__text\"><span class=\"wixui-rich-text__text\">Offenlegung und Weitergabe von Informationen<\/span><\/p><p class=\"font_8 wixui-rich-text__text\"><span class=\"wixui-rich-text__text\"><span class=\"wixGuard wixui-rich-text__text\">\u200b<\/span><\/span><\/p><p class=\"font_8 wixui-rich-text__text\"><span class=\"wixui-rich-text__text\">\u00a0 \u00a0 Wir behandeln Ihre pers\u00f6nlichen Informationen \u00e4u\u00dferst vertraulich und verkaufen, tauschen oder \u00fcbertragen sie nicht an externe Parteien ohne Ihre Zustimmung, au\u00dfer in den folgenden F\u00e4llen:<\/span><\/p><ol class=\"font_8 wixui-rich-text__text\"><li class=\"wixui-rich-text__text\"><p class=\"font_8 wixui-rich-text__text\"><span class=\"wixui-rich-text__text\">Dienstleister: Wir k\u00f6nnen Ihre pers\u00f6nlichen Informationen mit vertrauensw\u00fcrdigen Drittanbietern teilen, die uns bei der Betreibung unserer Website und der Erbringung unserer Dienstleistungen unterst\u00fctzen. Diese Anbieter sind an Vertraulichkeitsvereinbarungen gebunden und d\u00fcrfen Ihre Daten nicht f\u00fcr andere Zwecke verwenden.<\/span><\/p><\/li><li class=\"wixui-rich-text__text\"><p class=\"font_8 wixui-rich-text__text\"><span class=\"wixui-rich-text__text\">Rechtliche Verpflichtungen: Wir k\u00f6nnen Ihre Informationen offenlegen, wenn wir gesetzlich dazu verpflichtet sind, um geltenden Gesetzen, Vorschriften, rechtlichen Verfahren oder beh\u00f6rdlichen Anfragen nachzukommen.<\/span><br class=\"wixui-rich-text__text\" \/>\u00a0<\/p><\/li><\/ol><p class=\"font_8 wixui-rich-text__text\"><span class=\"wixui-rich-text__text\">Datensicherheit<\/span><\/p><p class=\"font_8 wixui-rich-text__text\"><span class=\"wixui-rich-text__text\"><span class=\"wixGuard wixui-rich-text__text\">\u200b<\/span><\/span><\/p><p class=\"font_8 wixui-rich-text__text\"><span class=\"wixui-rich-text__text\">\u00a0 \u00a0 Der Schutz Ihrer pers\u00f6nlichen Informationen liegt uns am Herzen. Wir setzen angemessene technische und organisatorische Ma\u00dfnahmen ein, um Ihre Daten vor unbefugtem Zugriff, \u00c4nderung, Offenlegung oder Zerst\u00f6rung zu sch\u00fctzen.<\/span><\/p><p class=\"font_8 wixui-rich-text__text\"><span class=\"wixui-rich-text__text\"><span class=\"wixGuard wixui-rich-text__text\">\u200b<\/span><\/span><\/p><p class=\"font_8 wixui-rich-text__text\"><span class=\"wixui-rich-text__text\">Ihre Datenschutzrechte<\/span><\/p><p class=\"font_8 wixui-rich-text__text\"><span class=\"wixui-rich-text__text\"><span class=\"wixGuard wixui-rich-text__text\">\u200b<\/span><\/span><\/p><p class=\"font_8 wixui-rich-text__text\"><span class=\"wixui-rich-text__text\">\u00a0 \u00a0 Sie haben das Recht, auf Ihre pers\u00f6nlichen Informationen zuzugreifen, sie zu korrigieren oder zu l\u00f6schen. Wenn Sie \u00c4nderungen vornehmen oder Ihre Datenschutzrechte aus\u00fcben m\u00f6chten, kontaktieren Sie uns bitte unter den unten angegebenen Details im Abschnitt &#8222;Kontakt&#8220;.<\/span><\/p><p class=\"font_8 wixui-rich-text__text\"><span class=\"wixui-rich-text__text\">Aktualisierung unserer Vertraulichkeitsrichtlinie<\/span><\/p><p class=\"font_8 wixui-rich-text__text\"><span class=\"wixui-rich-text__text\"><span class=\"wixGuard wixui-rich-text__text\">\u200b<\/span><\/span><\/p><p class=\"font_8 wixui-rich-text__text\"><span class=\"wixui-rich-text__text\">\u00a0 \u00a0 Wir k\u00f6nnen diese Vertraulichkeitsrichtlinie von Zeit zu Zeit aktualisieren, um \u00c4nderungen in unseren Datenpraktiken oder rechtlichen Anforderungen widerzuspiegeln. Das &#8222;G\u00fcltig ab&#8220;-Datum oben auf dieser Seite zeigt an, wann die Richtlinie zuletzt \u00fcberarbeitet wurde. Wir empfehlen Ihnen, diese Richtlinie regelm\u00e4\u00dfig zu \u00fcberpr\u00fcfen, um dar\u00fcber informiert zu bleiben, wie wir Ihre Privatsph\u00e4re sch\u00fctzen.<\/span><\/p><p class=\"font_8 wixui-rich-text__text\"><span class=\"wixui-rich-text__text\"><span class=\"wixGuard wixui-rich-text__text\">\u200b<\/span><\/span><\/p><p class=\"font_8 wixui-rich-text__text\"><span class=\"wixui-rich-text__text\">Kontakt<\/span><\/p><p class=\"font_8 wixui-rich-text__text\"><span class=\"wixui-rich-text__text\"><span class=\"wixGuard wixui-rich-text__text\">\u200b<\/span><\/span><\/p><p class=\"font_8 wixui-rich-text__text\"><span class=\"wixui-rich-text__text\">\u00a0 \u00a0 Wenn Sie Fragen, Anliegen oder Anfragen bez\u00fcglich dieser Vertraulichkeitsrichtlinie oder der Handhabung Ihrer pers\u00f6nlichen Informationen haben, kontaktieren Sie uns bitte unter <a class=\"wixui-rich-text__text\" href=\"mailto:cosmicklang@gmail.com\" data-auto-recognition=\"true\">cosmicklang@gmail.com<\/a><\/span><\/p><p class=\"font_8 wixui-rich-text__text\"><span class=\"wixui-rich-text__text\"><span class=\"wixGuard wixui-rich-text__text\">\u200b<\/span><\/span><\/p><p class=\"font_8 wixui-rich-text__text\"><span class=\"wixui-rich-text__text\">Vielen Dank f\u00fcr Ihr Vertrauen in Cosmic Klang. Wir verpflichten uns dazu, die Vertraulichkeit und Privatsph\u00e4re Ihrer Informationen zu wahren.<\/span><\/p><\/div>\t\t\t\t\t\t<\/div>\n\t\t\t\t<\/div>\n\t\t\t\t\t<\/div>\n\t\t\t\t<\/div>\n\t\t\t\t<\/div>\n\t\t","protected":false},"excerpt":{"rendered":"<p>Impressum Cosmic Klang Moosmahdstrasse 29, Dornbirn 6850Richard Gast\u00e9+43 (0)6706016323 &#8211; cosmicklang@gmail.com Unternehmensgegenstand: Human EnergetikerAufsichtsbeh\u00f6rde\/Gewerbebeh\u00f6rde:Bezirkshauptmannschaft DornbirnBerufsbezeichnung: KlangtherapeutVerleihungsstaat: \u00d6sterreich Wir \u00fcbernehmen keine [&hellip;]<\/p>\n","protected":false},"author":1,"featured_media":0,"parent":0,"menu_order":7,"comment_status":"closed","ping_status":"closed","template":"","meta":{"site-sidebar-layout":"default","site-content-layout":"","ast-site-content-layout":"","site-content-style":"default","site-sidebar-style":"default","ast-global-header-display":"","ast-banner-title-visibility":"","ast-main-header-display":"","ast-hfb-above-header-display":"","ast-hfb-below-header-display":"","ast-hfb-mobile-header-display":"","site-post-title":"","ast-breadcrumbs-content":"","ast-featured-img":"","footer-sml-layout":"","theme-transparent-header-meta":"","adv-header-id-meta":"","stick-header-meta":"","header-above-stick-meta":"","header-main-stick-meta":"","header-below-stick-meta":"","astra-migrate-meta-layouts":"default","ast-page-background-enabled":"default","ast-page-background-meta":{"desktop":{"background-color":"var(--ast-global-color-4)","background-image":"","background-repeat":"repeat","background-position":"center center","background-size":"auto","background-attachment":"scroll","background-type":"","background-media":"","overlay-type":"","overlay-color":"","overlay-opacity":"","overlay-gradient":""},"tablet":{"background-color":"","background-image":"","background-repeat":"repeat","background-position":"center center","background-size":"auto","background-attachment":"scroll","background-type":"","background-media":"","overlay-type":"","overlay-color":"","overlay-opacity":"","overlay-gradient":""},"mobile":{"background-color":"","background-image":"","background-repeat":"repeat","background-position":"center center","background-size":"auto","background-attachment":"scroll","background-type":"","background-media":"","overlay-type":"","overlay-color":"","overlay-opacity":"","overlay-gradient":""}},"ast-content-background-meta":{"desktop":{"background-color":"var(--ast-global-color-5)","background-image":"","background-repeat":"repeat","background-position":"center center","background-size":"auto","background-attachment":"scroll","background-type":"","background-media":"","overlay-type":"","overlay-color":"","overlay-opacity":"","overlay-gradient":""},"tablet":{"background-color":"var(--ast-global-color-5)","background-image":"","background-repeat":"repeat","background-position":"center center","background-size":"auto","background-attachment":"scroll","background-type":"","background-media":"","overlay-type":"","overlay-color":"","overlay-opacity":"","overlay-gradient":""},"mobile":{"background-color":"var(--ast-global-color-5)","background-image":"","background-repeat":"repeat","background-position":"center center","background-size":"auto","background-attachment":"scroll","background-type":"","background-media":"","overlay-type":"","overlay-color":"","overlay-opacity":"","overlay-gradient":""}},"footnotes":""},"class_list":["post-3","page","type-page","status-publish","hentry"],"yoast_head":"<!-- This site is optimized with the Yoast SEO plugin v22.9 - https:\/\/yoast.com\/wordpress\/plugins\/seo\/ -->\n<title>Impressum &amp; Datenschutz - Cosmic Klang - Klangtherapie<\/title>\n<meta name=\"robots\" content=\"index, follow, max-snippet:-1, max-image-preview:large, max-video-preview:-1\" \/>\n<link rel=\"canonical\" href=\"https:\/\/cosmicklang.com\/index.php\/privacy-policy\/\" \/>\n<meta property=\"og:locale\" content=\"de_DE\" \/>\n<meta property=\"og:type\" content=\"article\" \/>\n<meta property=\"og:title\" content=\"Impressum &amp; Datenschutz - Cosmic Klang - Klangtherapie\" \/>\n<meta property=\"og:description\" content=\"Impressum Cosmic Klang Moosmahdstrasse 29, Dornbirn 6850Richard Gast\u00e9+43 (0)6706016323 &#8211; cosmicklang@gmail.com Unternehmensgegenstand: Human EnergetikerAufsichtsbeh\u00f6rde\/Gewerbebeh\u00f6rde:Bezirkshauptmannschaft DornbirnBerufsbezeichnung: KlangtherapeutVerleihungsstaat: \u00d6sterreich Wir \u00fcbernehmen keine [&hellip;]\" \/>\n<meta property=\"og:url\" content=\"https:\/\/cosmicklang.com\/index.php\/privacy-policy\/\" \/>\n<meta property=\"og:site_name\" content=\"Cosmic Klang - Klangtherapie\" \/>\n<meta property=\"article:modified_time\" content=\"2024-06-29T13:15:14+00:00\" \/>\n<meta name=\"twitter:card\" content=\"summary_large_image\" \/>\n<meta name=\"twitter:label1\" content=\"Gesch\u00e4tzte Lesezeit\" \/>\n\t<meta name=\"twitter:data1\" content=\"4\u00a0Minuten\" \/>\n<script type=\"application\/ld+json\" class=\"yoast-schema-graph\">{\"@context\":\"https:\/\/schema.org\",\"@graph\":[{\"@type\":\"WebPage\",\"@id\":\"https:\/\/cosmicklang.com\/index.php\/privacy-policy\/\",\"url\":\"https:\/\/cosmicklang.com\/index.php\/privacy-policy\/\",\"name\":\"Impressum &amp; Datenschutz - Cosmic Klang - Klangtherapie\",\"isPartOf\":{\"@id\":\"https:\/\/cosmicklang.com\/#website\"},\"datePublished\":\"2024-05-28T11:09:42+00:00\",\"dateModified\":\"2024-06-29T13:15:14+00:00\",\"breadcrumb\":{\"@id\":\"https:\/\/cosmicklang.com\/index.php\/privacy-policy\/#breadcrumb\"},\"inLanguage\":\"de\",\"potentialAction\":[{\"@type\":\"ReadAction\",\"target\":[\"https:\/\/cosmicklang.com\/index.php\/privacy-policy\/\"]}]},{\"@type\":\"BreadcrumbList\",\"@id\":\"https:\/\/cosmicklang.com\/index.php\/privacy-policy\/#breadcrumb\",\"itemListElement\":[{\"@type\":\"ListItem\",\"position\":1,\"name\":\"Startseite\",\"item\":\"https:\/\/cosmicklang.com\/\"},{\"@type\":\"ListItem\",\"position\":2,\"name\":\"Impressum &amp; Datenschutz\"}]},{\"@type\":\"WebSite\",\"@id\":\"https:\/\/cosmicklang.com\/#website\",\"url\":\"https:\/\/cosmicklang.com\/\",\"name\":\"Cosmic Klang\",\"description\":\"Klangtherapie in Vorarlberg\",\"publisher\":{\"@id\":\"https:\/\/cosmicklang.com\/#\/schema\/person\/e70c5cab649d4ed49d4f7f1253d6bbae\"},\"potentialAction\":[{\"@type\":\"SearchAction\",\"target\":{\"@type\":\"EntryPoint\",\"urlTemplate\":\"https:\/\/cosmicklang.com\/?s={search_term_string}\"},\"query-input\":\"required name=search_term_string\"}],\"inLanguage\":\"de\"},{\"@type\":[\"Person\",\"Organization\"],\"@id\":\"https:\/\/cosmicklang.com\/#\/schema\/person\/e70c5cab649d4ed49d4f7f1253d6bbae\",\"name\":\"cosmic_klang\",\"image\":{\"@type\":\"ImageObject\",\"inLanguage\":\"de\",\"@id\":\"https:\/\/cosmicklang.com\/#\/schema\/person\/image\/\",\"url\":\"https:\/\/cosmicklang.com\/wp-content\/uploads\/2024\/05\/Cosmic-Klang-Logo.png\",\"contentUrl\":\"https:\/\/cosmicklang.com\/wp-content\/uploads\/2024\/05\/Cosmic-Klang-Logo.png\",\"width\":1200,\"height\":201,\"caption\":\"cosmic_klang\"},\"logo\":{\"@id\":\"https:\/\/cosmicklang.com\/#\/schema\/person\/image\/\"},\"sameAs\":[\"https:\/\/www.instagram.com\/cosmic.klang_\/\"]}]}<\/script>\n<!-- \/ Yoast SEO plugin. -->","yoast_head_json":{"title":"Impressum &amp; Datenschutz - Cosmic Klang - Klangtherapie","robots":{"index":"index","follow":"follow","max-snippet":"max-snippet:-1","max-image-preview":"max-image-preview:large","max-video-preview":"max-video-preview:-1"},"canonical":"https:\/\/cosmicklang.com\/index.php\/privacy-policy\/","og_locale":"de_DE","og_type":"article","og_title":"Impressum &amp; Datenschutz - Cosmic Klang - Klangtherapie","og_description":"Impressum Cosmic Klang Moosmahdstrasse 29, Dornbirn 6850Richard Gast\u00e9+43 (0)6706016323 &#8211; cosmicklang@gmail.com Unternehmensgegenstand: Human EnergetikerAufsichtsbeh\u00f6rde\/Gewerbebeh\u00f6rde:Bezirkshauptmannschaft DornbirnBerufsbezeichnung: KlangtherapeutVerleihungsstaat: \u00d6sterreich Wir \u00fcbernehmen keine [&hellip;]","og_url":"https:\/\/cosmicklang.com\/index.php\/privacy-policy\/","og_site_name":"Cosmic Klang - Klangtherapie","article_modified_time":"2024-06-29T13:15:14+00:00","twitter_card":"summary_large_image","twitter_misc":{"Gesch\u00e4tzte Lesezeit":"4\u00a0Minuten"},"schema":{"@context":"https:\/\/schema.org","@graph":[{"@type":"WebPage","@id":"https:\/\/cosmicklang.com\/index.php\/privacy-policy\/","url":"https:\/\/cosmicklang.com\/index.php\/privacy-policy\/","name":"Impressum &amp; Datenschutz - Cosmic Klang - Klangtherapie","isPartOf":{"@id":"https:\/\/cosmicklang.com\/#website"},"datePublished":"2024-05-28T11:09:42+00:00","dateModified":"2024-06-29T13:15:14+00:00","breadcrumb":{"@id":"https:\/\/cosmicklang.com\/index.php\/privacy-policy\/#breadcrumb"},"inLanguage":"de","potentialAction":[{"@type":"ReadAction","target":["https:\/\/cosmicklang.com\/index.php\/privacy-policy\/"]}]},{"@type":"BreadcrumbList","@id":"https:\/\/cosmicklang.com\/index.php\/privacy-policy\/#breadcrumb","itemListElement":[{"@type":"ListItem","position":1,"name":"Startseite","item":"https:\/\/cosmicklang.com\/"},{"@type":"ListItem","position":2,"name":"Impressum &amp; Datenschutz"}]},{"@type":"WebSite","@id":"https:\/\/cosmicklang.com\/#website","url":"https:\/\/cosmicklang.com\/","name":"Cosmic Klang","description":"Klangtherapie in Vorarlberg","publisher":{"@id":"https:\/\/cosmicklang.com\/#\/schema\/person\/e70c5cab649d4ed49d4f7f1253d6bbae"},"potentialAction":[{"@type":"SearchAction","target":{"@type":"EntryPoint","urlTemplate":"https:\/\/cosmicklang.com\/?s={search_term_string}"},"query-input":"required name=search_term_string"}],"inLanguage":"de"},{"@type":["Person","Organization"],"@id":"https:\/\/cosmicklang.com\/#\/schema\/person\/e70c5cab649d4ed49d4f7f1253d6bbae","name":"cosmic_klang","image":{"@type":"ImageObject","inLanguage":"de","@id":"https:\/\/cosmicklang.com\/#\/schema\/person\/image\/","url":"https:\/\/cosmicklang.com\/wp-content\/uploads\/2024\/05\/Cosmic-Klang-Logo.png","contentUrl":"https:\/\/cosmicklang.com\/wp-content\/uploads\/2024\/05\/Cosmic-Klang-Logo.png","width":1200,"height":201,"caption":"cosmic_klang"},"logo":{"@id":"https:\/\/cosmicklang.com\/#\/schema\/person\/image\/"},"sameAs":["https:\/\/www.instagram.com\/cosmic.klang_\/"]}]}},"_links":{"self":[{"href":"https:\/\/cosmicklang.com\/index.php\/wp-json\/wp\/v2\/pages\/3","targetHints":{"allow":["GET"]}}],"collection":[{"href":"https:\/\/cosmicklang.com\/index.php\/wp-json\/wp\/v2\/pages"}],"about":[{"href":"https:\/\/cosmicklang.com\/index.php\/wp-json\/wp\/v2\/types\/page"}],"author":[{"embeddable":true,"href":"https:\/\/cosmicklang.com\/index.php\/wp-json\/wp\/v2\/users\/1"}],"replies":[{"embeddable":true,"href":"https:\/\/cosmicklang.com\/index.php\/wp-json\/wp\/v2\/comments?post=3"}],"version-history":[{"count":15,"href":"https:\/\/cosmicklang.com\/index.php\/wp-json\/wp\/v2\/pages\/3\/revisions"}],"predecessor-version":[{"id":867,"href":"https:\/\/cosmicklang.com\/index.php\/wp-json\/wp\/v2\/pages\/3\/revisions\/867"}],"wp:attachment":[{"href":"https:\/\/cosmicklang.com\/index.php\/wp-json\/wp\/v2\/media?parent=3"}],"curies":[{"name":"wp","href":"https:\/\/api.w.org\/{rel}","templated":true}]}}